{"id":32,"date":"2020-10-27T11:04:56","date_gmt":"2020-10-27T11:04:56","guid":{"rendered":"https:\/\/londonfilmandcomiccon.com\/2021\/YALC\/?page_id=32"},"modified":"2024-11-20T16:08:23","modified_gmt":"2024-11-20T16:08:23","slug":"previous-years","status":"publish","type":"page","link":"https:\/\/londoncomicconwinter.com\/YALC\/previous-years\/","title":{"rendered":"Previous Years"},"content":{"rendered":"<div class=\"wpb-content-wrapper\"><p>[vc_row][vc_column]<div class=\"eut-element eut-image eut-align-center\" style=\"\"><div class=\"eut-image-wrapper eut-popup-item\" style=\"max-width:1060px;\"><div class=\"eut-thumbnail-wrapper\"  style=\"max-width: 1060px;\"><div class=\"eut-thumbnail\"  style=\"padding-top: 37.736%;\"><img loading=\"lazy\" decoding=\"async\" width=\"1060\" height=\"400\" src=\"https:\/\/londoncomicconwinter.com\/YALC\/wp-content\/uploads\/2020\/10\/yalc-previous.jpg\" class=\"attachment-full size-full\" alt=\"\" data-eutf-filter=\"yes\" srcset=\"https:\/\/londoncomicconwinter.com\/YALC\/wp-content\/uploads\/2020\/10\/yalc-previous.jpg 1060w, https:\/\/londoncomicconwinter.com\/YALC\/wp-content\/uploads\/2020\/10\/yalc-previous-300x113.jpg 300w, https:\/\/londoncomicconwinter.com\/YALC\/wp-content\/uploads\/2020\/10\/yalc-previous-1024x386.jpg 1024w, https:\/\/londoncomicconwinter.com\/YALC\/wp-content\/uploads\/2020\/10\/yalc-previous-768x290.jpg 768w\" sizes=\"auto, (max-width: 1060px) 100vw, 1060px\" \/><\/div><\/div>  <\/div><\/div>[\/vc_column][\/vc_row][vc_row][vc_column][vc_column_text css=&#8221;&#8221;]The Young Adult Literature Convention has been running for over years as part of London Film &amp; Comic Con and London Comic Con Winter, and has welcomed a host of amazing authors to the event.<\/p>\n<p>Below are the years and list of authors who appeared for that year.[\/vc_column_text][\/vc_column][\/vc_row][vc_row][vc_column][vc_tta_tabs active_section=&#8221;1&#8243;][vc_tta_section title=&#8221;2014&#8243; tab_id=&#8221;1603891767314-db2c6b42-bc6f&#8221;][vc_column_text]Alexia Casale<br \/>\nAmanda Preston<br \/>\nAmy McCulloch<br \/>\nAndy Lane<br \/>\nAnthony McGowan<br \/>\nBeth Reekles<br \/>\nBryony Pearce<br \/>\nC J Skuse<br \/>\nCat Clarke<br \/>\nCatherine Johnson<br \/>\nCharlie Higson<br \/>\nDarren Shan<br \/>\nDerek Landy<br \/>\nEmma Vieceli<br \/>\nEva Caiden<br \/>\nFrances Hardinge<br \/>\nGaren Ewing<br \/>\nHolly Bourne<br \/>\nHolly Smale<br \/>\nIan Edginton<br \/>\nIsobel Harrop<br \/>\nJonathan Stroud<br \/>\nJulie Mayhew<br \/>\nKim Curran<br \/>\nLouise Lamont<br \/>\nLucy Christopher<br \/>\nLucy Saxon<br \/>\nMalorie Blackman<br \/>\nMarcus Sedgwick<br \/>\nMatt Haig<br \/>\nMeg Rosoff<br \/>\nNatasha Ngan<br \/>\nNick Lake<br \/>\nNon Pratt<br \/>\nPatrick Ness<br \/>\nPhil Earle<br \/>\nRainbow Rowell<br \/>\nRuth Warburton<br \/>\nSally Green<br \/>\nSanne Vliegenthart<br \/>\nSarah Crossan<br \/>\nTanya Byrne<br \/>\nTim O\u2019Rourke<br \/>\nWill Hill<br \/>\nYvonne Biggins[\/vc_column_text][\/vc_tta_section][vc_tta_section title=&#8221;2015&#8243; tab_id=&#8221;1603891767326-61ad204c-2e84&#8243;][vc_column_text]Alex Wheatle<br \/>\nAlexia Casale<br \/>\nAlice Oseman<br \/>\nAnna McKerrow<br \/>\nAnnabel Pitcher<br \/>\nAnnalie Grainger<br \/>\nArabella Weir<br \/>\nBen Aaranovitch<br \/>\nBrian Conaghan<br \/>\nCarrie Hope Fletcher<br \/>\nCassandra Clare<br \/>\nCharlie Higson<br \/>\nCJ Daugherty<br \/>\nClare Furniss<br \/>\nDarren Shan<br \/>\nDawn Kurtagich<br \/>\nDen Patrick<br \/>\nDerek Landy<br \/>\nFrances Hardinge<br \/>\nFrancesca Haig<br \/>\nHayley Long<br \/>\nHelena Coggan<br \/>\nHolly Bourne<br \/>\nHolly Smale<br \/>\nJamie Anderson<br \/>\nJenny Valentine<br \/>\nJoe Abercrombie<br \/>\nJudy Blume<br \/>\nJuno Dawson<br \/>\nJulia Bell<br \/>\nJulie Mayhew<br \/>\nKevin Brooks<br \/>\nLA Weatherley<br \/>\nLaura Dockrill<br \/>\nLisa Williamson<br \/>\nLiz Kessler<br \/>\nLou Morgan<br \/>\nLouise O&#8217;Neill<br \/>\nLucy Inglis<br \/>\nLucy Ivison<br \/>\nLucy Saxon<br \/>\nMalorie Blackman<br \/>\nMarie Rutowski<br \/>\nMark Stay<br \/>\nMatt Whyman<br \/>\nMel Salisbury<br \/>\nMG Harris<br \/>\nMoira Fowey-Doyle<br \/>\nMoira Young<br \/>\nNikesh Shukla<br \/>\nNon Pratt<br \/>\nPatrick Ness<br \/>\nPaul Magrs<br \/>\nSally Green<br \/>\nSamantha Shannon<br \/>\nSarah Pinborough<br \/>\nSarah Rees-Brennan<br \/>\nSteve Camden<br \/>\nTaran Mathau<br \/>\nTeri Terry<br \/>\nTom Ellen<br \/>\nVirginia Bergin<br \/>\nWill Hill[\/vc_column_text][\/vc_tta_section][vc_tta_section title=&#8221;2016&#8243; tab_id=&#8221;1603891836413-de0e0231-06ec&#8221;][vc_column_text]Alex Scarrow<br \/>\nAlex Wheatle<br \/>\nAlice Oseman<br \/>\nAlwyn Hamilton<br \/>\nAnna McKerrow<br \/>\nAnnabel Pitcher<br \/>\nBen Aaronovitch<br \/>\nBen Davis<br \/>\nCatherine Doyle<br \/>\nCatherine Johnson<br \/>\nChris Riddell<br \/>\nChris Russell<br \/>\nChris Vick<br \/>\nCJ Skuse<br \/>\nClaire Hennessy<br \/>\nDarren Shan<br \/>\nDavid Levithan<br \/>\nDawn Kurtagich<br \/>\nDerek Landy<br \/>\nDr Christian Jessen<br \/>\nEmerald Fennell<br \/>\nEugene Lambert<br \/>\nFrances Hardinge<br \/>\nHarriet Reuter Hapgood<br \/>\nHolly Bourne<br \/>\nHolly Smale<br \/>\nHonor Cargill<br \/>\nJames Smythe<br \/>\nJeff Povey<br \/>\nJenny Downham<br \/>\nJenny McLachlan<br \/>\nJulia Gray<br \/>\nJulie Mayhew<br \/>\nJuno Dawson<br \/>\nKass Morgan<br \/>\nKaty Birchall<br \/>\nKaty Cannon<br \/>\nKeren David<br \/>\nKeris Stainton<br \/>\nLA Weatherly<br \/>\nLauren James<br \/>\nLisa Heathfield<br \/>\nLisa Williamson<br \/>\nLouise O\u2019Neill<br \/>\nLucy Ivison<br \/>\nLucy Saxon<br \/>\nMaggie Stiefvater<br \/>\nMalorie Blackman<br \/>\nManuela Salvi<br \/>\nMartin Stewart<br \/>\nMelinda Salisbury<br \/>\nMelvin Burgess<br \/>\nMichael Grant<br \/>\nNat Luurtsema<br \/>\nNatalie Flynn<br \/>\nNatasha Carthew<br \/>\nNatasha Farrant<br \/>\nNicole Burstein<br \/>\nNina LaCour<br \/>\nNon Pratt<br \/>\nPatrice Lawrence<br \/>\nPerdita Cargill<br \/>\nPete Kalu<br \/>\nPhilip Reeve<br \/>\nRhian Ivory<br \/>\nRichard Kurti<br \/>\nRosalind Jana<br \/>\nSally Green<br \/>\nSamantha Shannon<br \/>\nSara Barnard<br \/>\nSarah Crossan<br \/>\nSarah Pinborough<br \/>\nSarra Manning<br \/>\nSimon Mayo<br \/>\nSophia Bennett<br \/>\nSophie Kinsella<br \/>\nTanya Landman<br \/>\nTaran Matharu<br \/>\nTom Ellen<br \/>\nTracy Darnton<br \/>\nVE Schwab<br \/>\nWilliam Sutcliffe[\/vc_column_text][\/vc_tta_section][vc_tta_section title=&#8221;2017&#8243; tab_id=&#8221;1603891856400-2104dc36-6208&#8243;][vc_column_text]AJ Grainger<br \/>\nAlex Bell<br \/>\nAlex Wheatle<br \/>\nAlexis Deacon<br \/>\nAlice Broadway<br \/>\nAlison Goodman<br \/>\nAlwyn Hamilton<br \/>\nAmy Alward<br \/>\nAnna Day<br \/>\nAyisha Malik<br \/>\nBen Aaronovitch<br \/>\nBen Illis<br \/>\nBeth Garrod<br \/>\nCarlie Sorosiack<br \/>\nCatherine Barter<br \/>\nCatherine Johnson<br \/>\nCecilia Vinesse<br \/>\nChris Russell<br \/>\nClare Hennessy<br \/>\nDan Vyleta<br \/>\nDavid Owen<br \/>\nDeirdre Sullivan<br \/>\nE Lockhart<br \/>\nEd McDonald<br \/>\nEleanor Wood<br \/>\nElizabeth Corr<br \/>\nElizabeth May<br \/>\nElizabeth Wein<br \/>\nEmily Barr<br \/>\nEugene Lambert<br \/>\nGemma Cairney<br \/>\nGemma Fowler<br \/>\nHannah Witton<br \/>\nHarriet Reuter Hapgood<br \/>\nHarriet Springbett<br \/>\nHayley Barker<br \/>\nHolly Bourne<br \/>\nHolly Smale<br \/>\nJason Wallace<br \/>\nJennifer E Smith<br \/>\nJoanne Harris<br \/>\nJosh Martin<br \/>\nJulia Gray<br \/>\nJulie Mayhew<br \/>\nJuno Dawson<br \/>\nJustina Robson<br \/>\nKaren Gregory<br \/>\nKaren M. McManus<br \/>\nKatharine Corr<br \/>\nKaty Birchall<br \/>\nKaty Cannon<br \/>\nKevin Brooks<br \/>\nLaini Taylor<br \/>\nLaura Dockrill<br \/>\nLaura Lam<br \/>\nLaure Eve<br \/>\nLisa Heathfield<br \/>\nLisa Williamson<br \/>\nLiz Flanagan<br \/>\nLucy Ivison<br \/>\nLydia Ruffles<br \/>\nMaggie Harcourt<br \/>\nMartin Stewart<br \/>\nMatthew Crow<br \/>\nMelinda Salisbury<br \/>\nM\u00f6ira Fowley-Doyle<br \/>\nND Gomes<br \/>\nNicci Cloke<br \/>\nNikki Sheehan<br \/>\nNon Pratt<br \/>\nOlivia Levez<br \/>\nOrlagh Collins<br \/>\nPaige Toon<br \/>\nPatrice Lawrence<br \/>\nPatrick Ness<br \/>\nPeadar O\u2019Guilin<br \/>\nPenny Joelson<br \/>\nPhil Earle<br \/>\nPhilip Womack<br \/>\nRachael Lucas<br \/>\nRebecca Denton<br \/>\nRhian Ivory<br \/>\nRubyetc \u2013 Ruby Elliot<br \/>\nRyan Graudin<br \/>\nSamantha Shannon.<br \/>\nSara Barnard<br \/>\nSarah Carroll<br \/>\nSarah Mussi<br \/>\nSimon James Green<br \/>\nSophia Bennett<br \/>\nSophie McKenzie<br \/>\nStefan Mohammed<br \/>\nTamsin Winter<br \/>\nTanya Byrne<br \/>\nTaran Matharu<br \/>\nTeri Terry<br \/>\nTom Ellen<br \/>\nV E Schwab<br \/>\nVic James<br \/>\nVirginia Bergin<br \/>\nVirginia McGregor<br \/>\nWill Hill<br \/>\nZen Cho<br \/>\nZ\u00f6e Marriott[\/vc_column_text][\/vc_tta_section][vc_tta_section title=&#8221;2018&#8243; tab_id=&#8221;1603891881651-0e3e4b50-2ab6&#8243;][vc_column_text]Akemi Dawn Bowman<br \/>\nAlice Oseman<br \/>\nAlice Skinner<br \/>\nAlice-May Purkiss<br \/>\nAlwyn Hamilton<br \/>\nAnna Day<br \/>\nAnna James<br \/>\nAnnalie Grainger<br \/>\nBecky Chambers<br \/>\nBeth Garrod<br \/>\nCecilia Vinesse<br \/>\nCharli Howard<br \/>\nCharly Cox<br \/>\nChloe Coles<br \/>\nChloe Seager<br \/>\nChristina Henry<br \/>\nClementine Beauvais<br \/>\nDavid Owen<br \/>\nDeirdre Sullivan<br \/>\nDhonielle Clayton<br \/>\nEd McDonald<br \/>\nEleanor Wood<br \/>\nElizabeth Klehfoth<br \/>\nEmily Barr<br \/>\nEmma Shoard<br \/>\nEve Ainsworth<br \/>\nFrances Hardinge<br \/>\nGayle Forman<br \/>\nGiovanna Fletcher<br \/>\nHayley Barker<br \/>\nHolly Bourne<br \/>\nJacqueline Silvester<br \/>\nJenny McLachlan<br \/>\nJoanne Harris<br \/>\nJosh Martin<br \/>\nJulia Gray<br \/>\nJulie Mayhew<br \/>\nJuno Dawson<br \/>\nKaren Gregory<br \/>\nKate Ling<br \/>\nKatherine Webber<br \/>\nKatherine Woodfine<br \/>\nKelly McCaughrain<br \/>\nKeren David<br \/>\nKeris Stainton<br \/>\nKerry Drewery<br \/>\nKristina Perez<br \/>\nLaura Dockrill<br \/>\nLaura Steven<br \/>\nLaura Wood<br \/>\nLauren James<br \/>\nLauren Price<br \/>\nLisa Williamson<br \/>\nLouise O\u2019Neill<br \/>\nLucy Adlington<br \/>\nLydia Ruffles<br \/>\nMarieke Nijkamp<br \/>\nMary Watson<br \/>\nMatt Killeen<br \/>\nMelinda Salisbury<br \/>\nMelissa Albert<br \/>\nMelvin Burgess<br \/>\nMuhammad Khan<br \/>\nNicci Cloke<br \/>\nNicky Singer<br \/>\nNon Pratt<br \/>\nPhyllida Shrimpton<br \/>\nPip Johnson<br \/>\nRutendo Tavengerwei<br \/>\nS. K. Wright<br \/>\nSally Green<br \/>\nSally Nicholls<br \/>\nSamantha Shannon<br \/>\nSara Barnard<br \/>\nSara Holland<br \/>\nSarah Maria Griffin<br \/>\nSarah Shaffi<br \/>\nSasha Alsberg<br \/>\nSheena Wilkinson<br \/>\nSimon James Green<br \/>\nSteven Camden<br \/>\nTanya Byrne<br \/>\nTom Fletcher<br \/>\nTom Pollock<br \/>\nTomi Adeyemi<br \/>\nTracy Darnton<br \/>\nVic James<br \/>\nWilliam Sutcliffe<br \/>\nYaba Badoe[\/vc_column_text][\/vc_tta_section][vc_tta_section title=&#8221;2019&#8243; tab_id=&#8221;1603891906165-3895b2d0-0adc&#8221;][vc_column_text]Adrienne Young<br \/>\nAkemi Dawn Bowman<br \/>\nAlastair Reynolds<br \/>\nAlex Wheatle<br \/>\nAlexandra Sheppard<br \/>\nAlice Oseman<br \/>\nAmelia Mandeville<br \/>\nAnna Mainwaring<br \/>\nBen Aaronovitch<br \/>\nBethany Rutter<br \/>\nBex Hogan<br \/>\nCarrie Hope-Fletcher<br \/>\nChristine Lynn Herman<br \/>\nClare Rees<br \/>\nConnie Glynn<br \/>\nDan Freedman<br \/>\nDavid Owen<br \/>\nDean Atta<br \/>\nDerek Landy<br \/>\nDhonielle Clayton<br \/>\nDOM&amp;INK<br \/>\nEmily Barr<br \/>\nEmma Smith-Barton<br \/>\nEoin Colfer<br \/>\nSara Jafari<br \/>\nNiellah Arboine<br \/>\nHolly Bourne<br \/>\nHolly Jackson<br \/>\nHolly Smale<br \/>\nJess Vallance<br \/>\nJim Kay<br \/>\nJohn Trevillian<br \/>\nJuno Dawson<br \/>\nJustina Ireland<br \/>\nKaren M. McManus<br \/>\nKate Mallinder<br \/>\nKesia Lupo<br \/>\nKiran Millwood Hargrave<br \/>\nKK Perez<br \/>\nKristen Ciccarelli<br \/>\nLaura Bates<br \/>\nLaura Coryton<br \/>\nLaura Steven<br \/>\nLauren James<br \/>\nLauren Sharkey<br \/>\nLex Croucher<br \/>\nLisa Heathfield<br \/>\nLucy Powrie<br \/>\nM. A. Bennett<br \/>\nMalorie Blackman<br \/>\nMary Watson<br \/>\nMelinda Salisbury<br \/>\nMo\u00efra Fowley-Doyle<br \/>\nNatasha Ngan<br \/>\nNikesh Shukla<br \/>\nP.M. Freestone<br \/>\nPatrice Lawrence<br \/>\nRachel Burge<br \/>\nRenee Ahdieh<br \/>\nSabina Khan<br \/>\nSamantha Shannon<br \/>\nSamuel Pollen<br \/>\nSara Barnard<br \/>\nSarah Ann Juckes<br \/>\nSarah Maria Griffin<br \/>\nSasha Aslberg<br \/>\nSavannah Brown<br \/>\nSharon Dogar<br \/>\nSif Sigmarsdottir<br \/>\nSimon James Green<br \/>\nSophia Thakur<br \/>\nSteven Camden<br \/>\nTaran Matharu<br \/>\nTemi Oh<br \/>\nTom Pollock<br \/>\nV.E. Schwab<br \/>\nVanessa Jones<br \/>\nVic James<br \/>\nYaba Badoe<br \/>\nYasmin Rahman<br \/>\nZen Cho<br \/>\nZoe Marriot[\/vc_column_text][\/vc_tta_section][vc_tta_section title=&#8221;2020&#8243; tab_id=&#8221;1624878478553-20a3a9b3-ce66&#8243;][vc_column_text]2020 YALC offered an @Home edition in light of Covid<\/p>\n<p>Adiba Jaigirdar<br \/>\nAlice Oseman<br \/>\nAmy Tucker<br \/>\nBecky Chambers<br \/>\nBen Oliver<br \/>\nDanielle Jawando<br \/>\nFrances Hardinge<br \/>\nGeorge Lester<br \/>\nHolly Bourne<br \/>\nJames Goodhand<br \/>\nJoseph Elliott<br \/>\nJuno Dawson<br \/>\nKaren M. McManus<br \/>\nKat Dunn<br \/>\nLaura Steven<br \/>\nLauren James<br \/>\nLisa Williamson<br \/>\nLucy Cuthew<br \/>\nMalcolm Duffy<br \/>\nMaxym Martineau<br \/>\nNamina Forna<br \/>\nNatasha Devon<br \/>\nNon Pratt<br \/>\nRebecca Elliott<br \/>\nRyan La Sala<br \/>\nSarah Klymkiw<br \/>\nSue Cheung<br \/>\nSusan Wilson<br \/>\nVanessa Jones<br \/>\nVanessa Jones<br \/>\nWilliam Hussey<br \/>\nYousra Imran[\/vc_column_text][\/vc_tta_section][vc_tta_section title=&#8221;2021&#8243; tab_id=&#8221;1624878551509-508a3cf5-2b51&#8243;][vc_column_text]The second edition of YALC@Home took place on 6-8 August 2021 with video panels and more.<\/p>\n<p>Adiba Jaigirdar<br \/>\nAisling Fowler<br \/>\nAlex Wheatle<br \/>\nAlice Oseman<br \/>\nAmy McCaw<br \/>\nAndreina Cordani<br \/>\nAneesa Marufu<br \/>\nAngelina Jolie<br \/>\nAngie Thomas<br \/>\nAnn Sei Lin<br \/>\nAnna Bowles<br \/>\nAnna Carey<br \/>\nAshaye Brown<br \/>\nAshley Woodfolk<br \/>\nAva Eldred<br \/>\nBecky Albertalli<br \/>\nBen Oliver<br \/>\nBeth Reekles<br \/>\nBonnie-Sue Hitchcock<br \/>\nBrianna Bourne<br \/>\nBryony Pearce<br \/>\nC. L. Clark<br \/>\nCaroline O\u2019Donoghue<br \/>\nCassandra Clare<br \/>\nCatherine Barter<br \/>\nChelley Toy<br \/>\nCiannon Smart<br \/>\nCiara Smyth<br \/>\nCynthia Murphy<br \/>\nDaphne Tonge<br \/>\nDapne Tonge<br \/>\nDarren Shan<br \/>\nDavid Owen<br \/>\nDebbie Rigaud<br \/>\nDhonielle Clayton<br \/>\nDiana Anyakwo<br \/>\nEmiko Jean<br \/>\nEve Ainsworth<br \/>\nFaridah Ab\u00edk\u00e9-Iy\u00edm\u00edd\u00e9<br \/>\nFemi Fadugba<br \/>\nGarth Nix<br \/>\nGeorge Lester<br \/>\nGill Stewart<br \/>\nGinny Myers Sain<br \/>\nGoldy Moldavsky<br \/>\nHafsah Faizal<br \/>\nHannah Whitten<br \/>\nHelen Corcoran<br \/>\nHolly Bourne<br \/>\nHolly Jackson<br \/>\nHolly Race<br \/>\nHolly Smale<br \/>\nInitisar Kahani<br \/>\nIntisar Khanani<br \/>\nJarlath Gregory<br \/>\nJason Cockcroft<br \/>\nJeff Zentner<br \/>\nJenny Oliver<br \/>\nJonathan Stroud<br \/>\nJoseph Elliott<br \/>\nJosie Williams<br \/>\nJuno Dawson<br \/>\nK L Kettle<br \/>\nKacen Callender<br \/>\nKaren M. McManus<br \/>\nKat Dunn<br \/>\nKatherine &amp; Elizabeth Corr<br \/>\nKatherine Webber &amp; Catherine Doyle<br \/>\nKathryn Foxfield<br \/>\nKeith Gray<br \/>\nKimberly Jones &amp; Gilly Segal<br \/>\nKitty Kettle (K L Kettle)<br \/>\nKristen O&#8217;Neal<br \/>\nKrystal Southerland<br \/>\nKrystal Sutherland<br \/>\nLaura Wood<br \/>\nLauren James<br \/>\nLilia Buckingham<br \/>\nLinda Newbery<br \/>\nLuke Palmer<br \/>\nMackenzi Lee<br \/>\nMaggie Stiefvater<br \/>\nManjeet Mann<br \/>\nMargot Wood<br \/>\nMarieke Nijkamp<br \/>\nMarissa Meyer<br \/>\nMaureen Johnson<br \/>\nMelissa Welliver<br \/>\nMelvin Burgess<br \/>\nMicaiah Johnson<br \/>\nMichelle Kenney<br \/>\nMichelle Quach<br \/>\nNaomi Gibson<br \/>\nNeal Shusterman<br \/>\nNic Stone<br \/>\nNicola Yoon<br \/>\nNon Pratt<br \/>\nPatrice Lawrence<br \/>\nPhil Stamper<br \/>\nRab Ferguson<br \/>\nRachel Griffin<br \/>\nRay Stoeve<br \/>\nRebecca Henry<br \/>\nReni K Amayo<br \/>\nRory Power<br \/>\nRuta Sepetys<br \/>\nS.M. Wilson<br \/>\nSamira Ahmed<br \/>\nSara Barnard<br \/>\nSara Barnard<br \/>\nSara Shepard<br \/>\nSarah Kuhn<br \/>\nSera Milano<br \/>\nShannon Takaoka<br \/>\nSimon James Green<br \/>\nStephan Lee<br \/>\nSue Divin<br \/>\nSue Wallman<br \/>\nSusan Dennard<br \/>\nSusin Nielsen<br \/>\nSuyi Davies Okungbowa<br \/>\nTanya Byrne<br \/>\nTasha Suir<br \/>\nTasha Suri<br \/>\nTiffany D Jackson<br \/>\nVanessa Jones<br \/>\nVeronica Roth<br \/>\nWibke Brueggemann<br \/>\nWilliam Hussey<br \/>\nYasmin Rahman[\/vc_column_text][\/vc_tta_section][vc_tta_section title=&#8221;2022&#8243; tab_id=&#8221;1673890307582-ef7a69a6-ee92&#8243;][vc_column_text]Alexis Caught<br \/>\nAlice Oseman<br \/>\nAlison Weatherby<br \/>\nAmy McCaw<br \/>\nAneesa Marufu<br \/>\nAnn Sei Lin<br \/>\nAttiya Khan<br \/>\nAyana Gray<br \/>\nBenjamin Dean<br \/>\nBeth Reekles<br \/>\nBrigid Kemmerer<br \/>\nBryony Gordon<br \/>\nBryony Pearce<br \/>\nC.G. Moore<br \/>\nCari Thomas<br \/>\nCaroline O\u2019Donoghue<br \/>\nCassandra Clare<br \/>\nChris Vick<br \/>\nCiannon Smart<br \/>\nCiara Smyth<br \/>\nConnie Glynn<br \/>\nCynthia Murphy<br \/>\nCynthia So<br \/>\nDanielle Jawando<br \/>\nDaphne Tonge<br \/>\nDean Atta<br \/>\nDeirdre Sullivan<br \/>\nDerek Landy<br \/>\nElla McLeod<br \/>\nEmily Barr<br \/>\nFaridah \u00c0b\u00edk\u00e9-\u00cdy\u00edm\u00edd\u00e9<br \/>\nFinbar Hawkins<br \/>\nFinn Longman<br \/>\nGina Blaxill<br \/>\nHolly Bourne<br \/>\nHolly Race<br \/>\nJacqueline Wilson<br \/>\nJamie Costello<br \/>\nJonathan Stroud<br \/>\nJoseph Elliott<br \/>\nJosh Winning<br \/>\nJulia Tuffs<br \/>\nJuno Dawson<br \/>\nKaren M. McManus<br \/>\nKat Delacorte<br \/>\nKat Dunn<br \/>\nKate Weston<br \/>\nKatherine and Elizabeth Corr<br \/>\nKatherine Webber<br \/>\nKatherine Woodfine<br \/>\nKathryn Foxfield<br \/>\nLaura Sebastian<br \/>\nLauren James<br \/>\nLewis Hancox<br \/>\nLex Croucher<br \/>\nLily Lindon<br \/>\nManjeet Mann<br \/>\nMark Ballabon<br \/>\nMatt Goodfellow<br \/>\nMelinda Salisbury<br \/>\nMichelle Paver<br \/>\nMolly Morris<br \/>\nNadz + Grace<br \/>\nNatasha Devon<br \/>\nNeal Shusterman<br \/>\nNikita Gill<br \/>\nNon Pratt<br \/>\nRebecca Barrow<br \/>\nSamantha Shannon<br \/>\nSara Barnard<br \/>\nSarah Daniels<br \/>\nSimon James Green<br \/>\nSoman Chainani<br \/>\nSunyi Dean<br \/>\nTemi Oh<br \/>\nTracy Darnton<br \/>\nVincent Tirado<br \/>\nWilliam Hussey<br \/>\nYaba Badoe<br \/>\nYasmin Rahman[\/vc_column_text][\/vc_tta_section][vc_tta_section title=&#8221;2023&#8243; tab_id=&#8221;1706546738844-62ac5d8d-874d&#8221;][vc_column_text]Abiola Bello<br \/>\nAdiba Jaigirdar<br \/>\nAleema Omotoni<br \/>\nAlex Norris<br \/>\nAlexandra Christo<br \/>\nAmara Sage<br \/>\nAmy McCaw<br \/>\nBea Fitzgerald<br \/>\nBenjamin Dean<br \/>\nBeth Bartholomew<br \/>\nBeth Reekles<br \/>\nCandice Brathwaite<br \/>\nCatherine Doyle<br \/>\nClaire Storey<br \/>\nDanielle Jawando<br \/>\nDavid Fenne<br \/>\nDeirdre Sullivan<br \/>\nDhonielle Clayton<br \/>\nEden Phillips Harrington<br \/>\nElla Whiddett<br \/>\nErik J Brown<br \/>\nEsmie Jikiemi-Pearson<br \/>\nFederico Ivan<br \/>\nGina Blaxill<br \/>\nHelen Lewis<br \/>\nHolly Bourne<br \/>\nHolly Jackson<br \/>\nJan Dunning<br \/>\nJay McGuinness<br \/>\nJoel Rochester<br \/>\nJonathan Stroud<br \/>\nJoseph Coelho<br \/>\nJuno Dawson<br \/>\nKalynn Bayron<br \/>\nKate Asquith<br \/>\nKate Dylan<br \/>\nKate Weston<br \/>\nKatherine Webber<br \/>\nKathleen Glasgow<br \/>\nKelly Beestone<br \/>\nKika Hatzopoulou<br \/>\nLaura Bates<br \/>\nLex Croucher<br \/>\nLucy Cuthew<br \/>\nM.K. Lobb<br \/>\nMercedes Ron<br \/>\nMiranda Sun<br \/>\nNadia Mikail<br \/>\nNatasha Devon<br \/>\nNon Pratt<br \/>\nPatrick Ness<br \/>\nRhiannon Tripp<br \/>\nRosie Talbot<br \/>\nRuby Clyde<br \/>\nRyan Hammond<br \/>\nSaara El-Arifi<br \/>\nSamantha Shannon<br \/>\nSangu Mandanna<br \/>\nSara Barnard<br \/>\nSara Street<br \/>\nSarah Underwood<br \/>\nSimon James Green<br \/>\nSophi Cameron<br \/>\nThea Guanzon<br \/>\nTomi Oyemakinde<br \/>\nVictoria Williamson<br \/>\nWilliam Hussey<br \/>\nXena Knox<br \/>\nYvette Fielding<br \/>\nZai Sylla[\/vc_column_text][\/vc_tta_section][vc_tta_section title=&#8221;2024&#8243; tab_id=&#8221;1732025525563-ada18df8-8e8b&#8221;][vc_column_text css=&#8221;&#8221;]Catherine Doyle<br \/>\nHolly Bourne<br \/>\nJuno Dawson<br \/>\nKaren M McManus<br \/>\nKatherine Webber<br \/>\nMalorie Blackman<br \/>\nSimon James Green<br \/>\nA. B. Poranek<br \/>\nA. J. Clack<br \/>\nA. S. Webb<br \/>\nA. Y. Chao<br \/>\nAbiola Bellow<br \/>\nAdiba Jaigirdar<br \/>\nAlyson Greaves<br \/>\nAmie Jordan<br \/>\nAmy McCaw<br \/>\nAnam Iqbal<br \/>\nAndy Darcy Theo<br \/>\nBea Fitzgerald<br \/>\nBianca Gillam<br \/>\nChris Mould<br \/>\nDaniel Tawse<br \/>\nDaphne Tonge<br \/>\nDavid Fenne<br \/>\nEfua Traor\u00e9<br \/>\nElla McLeod<br \/>\nElle Machray<br \/>\nElle McNicoll<br \/>\nEmma Quick<br \/>\nEsmie Jikiemi-Pearson<br \/>\nFinn Longman<br \/>\nHelen Lewis<br \/>\nHolly Jackson<br \/>\nIsabelle Lineberry<br \/>\nJennifer Delaney<br \/>\nJennifer Lynn Barnes<br \/>\nJess Popplewell<br \/>\nJoel Rochester<br \/>\nJosh Winning<br \/>\nJ. P. Rose<br \/>\nKat McKenna<br \/>\nKristina P\u00e9rez<br \/>\nKrystal Sutherland<br \/>\nLex Croucher<br \/>\nLindsey Kelk<br \/>\nL. M. Nathan<br \/>\nM. J. Sullivan<br \/>\nMA Bennett<br \/>\nMattie Whitehead &amp; Pip Johnson<br \/>\nMegan Farr &amp; Samatha Stewart<br \/>\nMicaela Alcaino<br \/>\nMolly X Chang<br \/>\nO R Sorrel<br \/>\nRachael Fernandes<br \/>\nRadhika Sanghani<br \/>\nRavena Guron<br \/>\nRhianna Pratchett<br \/>\nRosie Talbot<br \/>\nSafa Ahmed<br \/>\nSalomey Doku<br \/>\nSarah Maxwell<br \/>\nSasha Peyton Smith<br \/>\nSarah Underwood<br \/>\nSaskia Leach<br \/>\nScarlett Dunmore<br \/>\nStevie Finegan<br \/>\nTheo Parish<br \/>\nT. K. Hall<br \/>\nTomi Oyemkainde<br \/>\nZeena Gosrani[\/vc_column_text][\/vc_tta_section][\/vc_tta_tabs][\/vc_column][\/vc_row]<\/p>\n<\/div>","protected":false},"excerpt":{"rendered":"<p>[vc_row][vc_column][\/vc_column][\/vc_row][vc_row][vc_column][vc_column_text css=&#8221;&#8221;]The Young Adult Literature Convention has been running for over years as part of London Film &amp; Comic Con and London Comic Con Winter, and has welcomed a host of amazing authors to the event. Below are the years and list of authors who appeared for that year.[\/vc_column_text][\/vc_column][\/vc_row][vc_row][vc_column][vc_tta_tabs active_section=&#8221;1&#8243;][vc_tta_section title=&#8221;2014&#8243; tab_id=&#8221;1603891767314-db2c6b42-bc6f&#8221;][vc_column_text]Alexia Casale Amanda Preston [&hellip;]<\/p>\n","protected":false},"author":1,"featured_media":0,"parent":0,"menu_order":0,"comment_status":"closed","ping_status":"closed","template":"","meta":{"_seopress_robots_primary_cat":"","_seopress_titles_title":"","_seopress_titles_desc":"","_seopress_robots_index":"","footnotes":""},"class_list":["post-32","page","type-page","status-publish","hentry"],"_links":{"self":[{"href":"https:\/\/londoncomicconwinter.com\/YALC\/wp-json\/wp\/v2\/pages\/32","targetHints":{"allow":["GET"]}}],"collection":[{"href":"https:\/\/londoncomicconwinter.com\/YALC\/wp-json\/wp\/v2\/pages"}],"about":[{"href":"https:\/\/londoncomicconwinter.com\/YALC\/wp-json\/wp\/v2\/types\/page"}],"author":[{"embeddable":true,"href":"https:\/\/londoncomicconwinter.com\/YALC\/wp-json\/wp\/v2\/users\/1"}],"replies":[{"embeddable":true,"href":"https:\/\/londoncomicconwinter.com\/YALC\/wp-json\/wp\/v2\/comments?post=32"}],"version-history":[{"count":15,"href":"https:\/\/londoncomicconwinter.com\/YALC\/wp-json\/wp\/v2\/pages\/32\/revisions"}],"predecessor-version":[{"id":2360,"href":"https:\/\/londoncomicconwinter.com\/YALC\/wp-json\/wp\/v2\/pages\/32\/revisions\/2360"}],"wp:attachment":[{"href":"https:\/\/londoncomicconwinter.com\/YALC\/wp-json\/wp\/v2\/media?parent=32"}],"curies":[{"name":"wp","href":"https:\/\/api.w.org\/{rel}","templated":true}]}}